{"id":5946,"date":"2026-03-14T00:42:42","date_gmt":"2026-03-14T00:42:42","guid":{"rendered":"https:\/\/georspa.com\/?post_type=product&#038;p=5946"},"modified":"2026-03-14T19:43:40","modified_gmt":"2026-03-14T19:43:40","slug":"moisturizer-retinol-0-3-niacinamide-3-cream","status":"publish","type":"product","link":"https:\/\/georspa.com\/es\/producto\/moisturizer-retinol-0-3-niacinamide-3-cream\/","title":{"rendered":"Moisturizer &#038; Retinol 0.3% + Niacinamide 3% Cream"},"content":{"rendered":"<p data-start=\"143\" data-end=\"198\">\u2728 <strong data-start=\"145\" data-end=\"198\">Moisturizer &amp; Retinol 0.3% + Niacinamide 3% Cream<\/strong><\/p>\n<p data-start=\"200\" data-end=\"421\">Descubre el poder de una piel renovada con nuestra crema facial avanzada que combina <strong data-start=\"285\" data-end=\"329\">Retinol 0.3% y Niacinamida (Vitamina B3)<\/strong> para ayudar a mejorar visiblemente la textura, luminosidad y apariencia general de la piel.<\/p>\n<p data-start=\"423\" data-end=\"594\">Su f\u00f3rmula est\u00e1 dise\u00f1ada para <strong data-start=\"453\" data-end=\"499\">hidratar, revitalizar y fortalecer la piel<\/strong>, mientras ayuda a combatir los <strong data-start=\"531\" data-end=\"551\">radicales libres<\/strong> responsables del envejecimiento prematuro.<\/p>\n<p data-start=\"596\" data-end=\"851\">El <strong data-start=\"599\" data-end=\"610\">Retinol<\/strong> favorece la renovaci\u00f3n celular y contribuye a suavizar l\u00edneas finas y signos de envejecimiento, mientras que la <strong data-start=\"723\" data-end=\"738\">Niacinamida<\/strong> ayuda a mejorar el tono de la piel, reducir la apariencia de poros y reforzar la barrera natural de hidrataci\u00f3n.<\/p>\n<p data-start=\"853\" data-end=\"990\">Adem\u00e1s, su f\u00f3rmula con <strong data-start=\"876\" data-end=\"911\">ingredientes derivados del coco<\/strong> aporta hidrataci\u00f3n profunda para mantener la piel suave, saludable y luminosa.<\/p>\n<hr data-start=\"992\" data-end=\"995\" \/>\n<p data-start=\"997\" data-end=\"1014\">\ud83c\udf3f <strong data-start=\"1000\" data-end=\"1014\">Beneficios<\/strong><\/p>\n<p data-start=\"1016\" data-end=\"1283\">\u2728 Mejora la textura y luminosidad de la piel<br data-start=\"1060\" data-end=\"1063\" \/>\ud83d\udca7 Hidrataci\u00f3n profunda y duradera<br data-start=\"1097\" data-end=\"1100\" \/>\ud83c\udf1f Favorece la renovaci\u00f3n celular<br data-start=\"1133\" data-end=\"1136\" \/>\ud83e\uddf4 Ayuda a reducir l\u00edneas finas<br data-start=\"1167\" data-end=\"1170\" \/>\ud83c\udf38 Contribuye a unificar el tono de la piel<br data-start=\"1213\" data-end=\"1216\" \/>\ud83d\udee1\ufe0f Combate los radicales libres<br data-start=\"1248\" data-end=\"1251\" \/>\ud83c\udf3f Apto para todo tipo de piel<\/p>\n<hr data-start=\"1285\" data-end=\"1288\" \/>\n<p data-start=\"1290\" data-end=\"1308\">\ud83e\uddf4 <strong data-start=\"1293\" data-end=\"1308\">Modo de uso<\/strong><\/p>\n<p data-start=\"1310\" data-end=\"1418\">Aplicar una peque\u00f1a cantidad sobre la piel limpia y seca.<br data-start=\"1367\" data-end=\"1370\" \/>Masajear suavemente hasta su completa absorci\u00f3n.<\/p>\n<p data-start=\"1420\" data-end=\"1498\">\ud83c\udf19 Recomendado para uso nocturno.<br data-start=\"1453\" data-end=\"1456\" \/>\u2600\ufe0f Durante el d\u00eda aplicar protector solar.<\/p>\n","protected":false},"excerpt":{"rendered":"<p><strong data-start=\"75\" data-end=\"128\">Moisturizer &amp; Retinol 0.3% + Niacinamide 3% Cream<\/strong><br data-start=\"128\" data-end=\"131\" \/>Crema facial hidratante con <strong data-start=\"159\" data-end=\"203\">Retinol 0.3% y Niacinamida (Vitamina B3)<\/strong> que ayuda a revitalizar la piel, mejorar su textura y combatir los radicales libres. Su f\u00f3rmula con ingredientes derivados del coco contribuye a mantener la piel hidratada, luminosa y saludable. Ideal para todo tipo de piel. \u2728<\/p>\n","protected":false},"featured_media":5952,"comment_status":"open","ping_status":"closed","template":"elementor_theme","meta":[],"product_brand":[88],"product_cat":[68,15],"product_tag":[],"class_list":{"0":"post-5946","1":"product","2":"type-product","3":"status-publish","4":"has-post-thumbnail","6":"product_brand-geor","7":"product_cat-cuidados-de-la-piel","8":"product_cat-uncategorized","11":"instock","12":"taxable","13":"shipping-taxable","14":"purchasable","15":"product-type-simple","16":"product-grid-view"},"_links":{"self":[{"href":"https:\/\/georspa.com\/es\/wp-json\/wp\/v2\/product\/5946","targetHints":{"allow":["GET"]}}],"collection":[{"href":"https:\/\/georspa.com\/es\/wp-json\/wp\/v2\/product"}],"about":[{"href":"https:\/\/georspa.com\/es\/wp-json\/wp\/v2\/types\/product"}],"replies":[{"embeddable":true,"href":"https:\/\/georspa.com\/es\/wp-json\/wp\/v2\/comments?post=5946"}],"version-history":[{"count":2,"href":"https:\/\/georspa.com\/es\/wp-json\/wp\/v2\/product\/5946\/revisions"}],"predecessor-version":[{"id":5950,"href":"https:\/\/georspa.com\/es\/wp-json\/wp\/v2\/product\/5946\/revisions\/5950"}],"wp:featuredmedia":[{"embeddable":true,"href":"https:\/\/georspa.com\/es\/wp-json\/wp\/v2\/media\/5952"}],"wp:attachment":[{"href":"https:\/\/georspa.com\/es\/wp-json\/wp\/v2\/media?parent=5946"}],"wp:term":[{"taxonomy":"product_brand","embeddable":true,"href":"https:\/\/georspa.com\/es\/wp-json\/wp\/v2\/product_brand?post=5946"},{"taxonomy":"product_cat","embeddable":true,"href":"https:\/\/georspa.com\/es\/wp-json\/wp\/v2\/product_cat?post=5946"},{"taxonomy":"product_tag","embeddable":true,"href":"https:\/\/georspa.com\/es\/wp-json\/wp\/v2\/product_tag?post=5946"}],"curies":[{"name":"wp","href":"https:\/\/api.w.org\/{rel}","templated":true}]}}