{"id":5938,"date":"2026-03-14T00:06:30","date_gmt":"2026-03-14T00:06:30","guid":{"rendered":"https:\/\/georspa.com\/?post_type=product&#038;p=5938"},"modified":"2026-03-14T20:52:04","modified_gmt":"2026-03-14T20:52:04","slug":"moisturizer-retinol-1-cream","status":"publish","type":"product","link":"https:\/\/georspa.com\/es\/producto\/moisturizer-retinol-1-cream\/","title":{"rendered":"Moisturizer &#038; retinol 1% cream"},"content":{"rendered":"<h3 data-section-id=\"1d4r8b7\" data-start=\"195\" data-end=\"236\">\u2728 Geor Moisturizer &amp; Retinol 1% Cream<\/h3>\n<p data-start=\"238\" data-end=\"418\">Revitaliza tu piel con nuestra <strong data-start=\"269\" data-end=\"307\">crema hidratante con Retinol al 1%<\/strong>, dise\u00f1ada para mejorar la textura, suavizar l\u00edneas finas y aportar una apariencia m\u00e1s luminosa y rejuvenecida.<\/p>\n<p data-start=\"420\" data-end=\"604\">Su f\u00f3rmula avanzada, enriquecida con <strong data-start=\"457\" data-end=\"492\">ingredientes derivados del coco<\/strong>, ayuda a mantener la piel hidratada mientras combate los <strong data-start=\"550\" data-end=\"570\">radicales libres<\/strong> y favorece la renovaci\u00f3n celular.<\/p>\n<p data-start=\"606\" data-end=\"636\">\ud83c\udf3f <strong data-start=\"609\" data-end=\"636\">Beneficios principales:<\/strong><\/p>\n<ul data-start=\"637\" data-end=\"878\">\n<li data-section-id=\"1sw2xvu\" data-start=\"637\" data-end=\"696\">\n<p data-start=\"639\" data-end=\"696\">Ayuda a reducir l\u00edneas finas y signos de envejecimiento<\/p>\n<\/li>\n<li data-section-id=\"mafgrm\" data-start=\"697\" data-end=\"743\">\n<p data-start=\"699\" data-end=\"743\">Mejora la textura y luminosidad de la piel<\/p>\n<\/li>\n<li data-section-id=\"i8qu9s\" data-start=\"744\" data-end=\"779\">\n<p data-start=\"746\" data-end=\"779\">Hidrataci\u00f3n profunda y duradera<\/p>\n<\/li>\n<li data-section-id=\"1a0tks\" data-start=\"780\" data-end=\"814\">\n<p data-start=\"782\" data-end=\"814\">Favorece la renovaci\u00f3n celular<\/p>\n<\/li>\n<li data-section-id=\"1m6235z\" data-start=\"815\" data-end=\"878\">\n<p data-start=\"817\" data-end=\"878\">Con ingredientes que ayudan a combatir los radicales libres<\/p>\n<\/li>\n<\/ul>\n<p data-start=\"880\" data-end=\"946\">\ud83d\udca7 Ideal para incluir en tu <strong data-start=\"908\" data-end=\"945\">rutina nocturna de cuidado facial<\/strong>.<\/p>\n","protected":false},"excerpt":{"rendered":"<p><strong data-start=\"40\" data-end=\"74\">Moisturizer &amp; Retinol 1% Cream<\/strong><br data-start=\"74\" data-end=\"77\" \/>Crema hidratante con Retinol al 1% que ayuda a mejorar la textura de la piel, reducir l\u00edneas finas y aportar una apariencia m\u00e1s luminosa y rejuvenecida. Su f\u00f3rmula con ingredientes derivados del coco ayuda a hidratar profundamente y a combatir los radicales libres. \u2728<\/p>\n","protected":false},"featured_media":5957,"comment_status":"open","ping_status":"closed","template":"elementor_theme","meta":[],"product_brand":[],"product_cat":[68,15],"product_tag":[],"class_list":{"0":"post-5938","1":"product","2":"type-product","3":"status-publish","4":"has-post-thumbnail","6":"product_cat-cuidados-de-la-piel","7":"product_cat-uncategorized","10":"instock","11":"taxable","12":"shipping-taxable","13":"purchasable","14":"product-type-simple","15":"product-grid-view"},"_links":{"self":[{"href":"https:\/\/georspa.com\/es\/wp-json\/wp\/v2\/product\/5938","targetHints":{"allow":["GET"]}}],"collection":[{"href":"https:\/\/georspa.com\/es\/wp-json\/wp\/v2\/product"}],"about":[{"href":"https:\/\/georspa.com\/es\/wp-json\/wp\/v2\/types\/product"}],"replies":[{"embeddable":true,"href":"https:\/\/georspa.com\/es\/wp-json\/wp\/v2\/comments?post=5938"}],"version-history":[{"count":2,"href":"https:\/\/georspa.com\/es\/wp-json\/wp\/v2\/product\/5938\/revisions"}],"predecessor-version":[{"id":5956,"href":"https:\/\/georspa.com\/es\/wp-json\/wp\/v2\/product\/5938\/revisions\/5956"}],"wp:featuredmedia":[{"embeddable":true,"href":"https:\/\/georspa.com\/es\/wp-json\/wp\/v2\/media\/5957"}],"wp:attachment":[{"href":"https:\/\/georspa.com\/es\/wp-json\/wp\/v2\/media?parent=5938"}],"wp:term":[{"taxonomy":"product_brand","embeddable":true,"href":"https:\/\/georspa.com\/es\/wp-json\/wp\/v2\/product_brand?post=5938"},{"taxonomy":"product_cat","embeddable":true,"href":"https:\/\/georspa.com\/es\/wp-json\/wp\/v2\/product_cat?post=5938"},{"taxonomy":"product_tag","embeddable":true,"href":"https:\/\/georspa.com\/es\/wp-json\/wp\/v2\/product_tag?post=5938"}],"curies":[{"name":"wp","href":"https:\/\/api.w.org\/{rel}","templated":true}]}}