{"id":5922,"date":"2026-03-13T22:53:18","date_gmt":"2026-03-13T22:53:18","guid":{"rendered":"https:\/\/georspa.com\/?post_type=product&#038;p=5922"},"modified":"2026-03-14T21:06:41","modified_gmt":"2026-03-14T21:06:41","slug":"kit-de-cuidado-de-4-pasos","status":"publish","type":"product","link":"https:\/\/georspa.com\/es\/producto\/kit-de-cuidado-de-4-pasos\/","title":{"rendered":"Kit de cuidado de 4 pasos"},"content":{"rendered":"<p data-start=\"114\" data-end=\"187\">\u2728 <strong data-start=\"116\" data-end=\"183\">Rutina Facial Completa Geor \u2013 Piel limpia, renovada y protegida<\/strong> \u2728<\/p>\n<p data-start=\"189\" data-end=\"341\">Descubre nuestro <strong data-start=\"206\" data-end=\"236\">kit de cuidado facial Geor<\/strong>, dise\u00f1ado para ayudarte a lograr una piel m\u00e1s <strong data-start=\"283\" data-end=\"338\">limpia, suave, hidratada y protegida todos los d\u00edas<\/strong>.<\/p>\n<p data-start=\"343\" data-end=\"422\">Este paquete incluye una rutina completa de 4 pasos para el cuidado de tu piel:<\/p>\n<p data-start=\"424\" data-end=\"589\">\ud83e\uddf4 <strong data-start=\"427\" data-end=\"482\">Paso 1 \u2013 Natural Cleanser (Foaming Facial Cleanser)<\/strong><br data-start=\"482\" data-end=\"485\" \/>Limpia profundamente la piel, elimina impurezas y deja el rostro fresco y preparado para el tratamiento.<\/p>\n<p data-start=\"591\" data-end=\"728\">\u2728 <strong data-start=\"593\" data-end=\"633\">Paso 2 \u2013 Enzymatic Molecular Peeling<\/strong><br data-start=\"633\" data-end=\"636\" \/>Exfolia suavemente, ayuda a renovar la piel y mejora la apariencia de textura y luminosidad.<\/p>\n<p data-start=\"730\" data-end=\"843\">\ud83d\udca7 <strong data-start=\"733\" data-end=\"762\">Paso 3 \u2013 Crema Hidratante<\/strong><br data-start=\"762\" data-end=\"765\" \/>Nutre e hidrata la piel, ayudando a mantenerla suave, equilibrada y saludable.<\/p>\n<p data-start=\"845\" data-end=\"1010\">\u2600\ufe0f <strong data-start=\"848\" data-end=\"891\">Paso 4 \u2013 Extra Defense Sunscreen SPF 50<\/strong><br data-start=\"891\" data-end=\"894\" \/>Protecci\u00f3n solar avanzada que ayuda a prevenir el da\u00f1o causado por los rayos UV mientras mantiene tu piel protegida.<\/p>\n<p data-start=\"1012\" data-end=\"1090\">\ud83c\udf81 <strong data-start=\"1015\" data-end=\"1053\">Incluye una elegante bolsa para que siempre lleves tu rutina contigo<\/strong>.<\/p>\n<p data-start=\"1092\" data-end=\"1214\">\ud83d\udc8e Perfecto para:<br data-start=\"1109\" data-end=\"1112\" \/>\u2022 Cuidado facial diario<br data-start=\"1135\" data-end=\"1138\" \/>\u2022 Mejorar la textura de la piel<br data-start=\"1169\" data-end=\"1172\" \/>\u2022 Mantener tu piel hidratada y protegida<\/p>\n<p data-start=\"1216\" data-end=\"1312\">\ud83d\udce9 <strong data-start=\"1219\" data-end=\"1255\">Disponible ahora en Geor Med Spa<\/strong><br data-start=\"1255\" data-end=\"1258\" \/>Escr\u00edbenos para m\u00e1s informaci\u00f3n o para ordenar tu kit.<\/p>\n","protected":false},"excerpt":{"rendered":"<p data-start=\"0\" data-end=\"54\">\u2728 <strong data-start=\"2\" data-end=\"52\">Kit Facial Geor \u2013 Rutina Completa para tu Piel<\/strong><\/p>\n<p data-start=\"56\" data-end=\"300\">Descubre la rutina perfecta de cuidado facial con <strong data-start=\"106\" data-end=\"114\">Geor<\/strong>. Este kit incluye <strong data-start=\"133\" data-end=\"216\">limpiador facial, peeling enzim\u00e1tico, crema hidratante y protector solar SPF 50<\/strong>, dise\u00f1ados para <strong data-start=\"233\" data-end=\"282\">limpiar, renovar, hidratar y proteger tu piel<\/strong> todos los d\u00edas.<\/p>\n<p data-start=\"302\" data-end=\"387\">\ud83d\udc96 Adem\u00e1s incluye una <strong data-start=\"1015\" data-end=\"1053\">elegante bolsa para que siempre lleves tu rutina contigo<\/strong>.<\/p>\n<p data-start=\"389\" data-end=\"462\" data-is-last-node=\"\" data-is-only-node=\"\">\ud83d\udce9 <strong data-start=\"392\" data-end=\"429\">Disponible ahora en Geor Med Spa.<\/strong> Escr\u00edbenos para ordenar el tuyo.<\/p>\n","protected":false},"featured_media":5961,"comment_status":"open","ping_status":"closed","template":"elementor_theme","meta":[],"product_brand":[88],"product_cat":[68,15],"product_tag":[],"class_list":{"0":"post-5922","1":"product","2":"type-product","3":"status-publish","4":"has-post-thumbnail","6":"product_brand-geor","7":"product_cat-cuidados-de-la-piel","8":"product_cat-uncategorized","11":"instock","12":"taxable","13":"shipping-taxable","14":"purchasable","15":"product-type-simple","16":"product-grid-view"},"_links":{"self":[{"href":"https:\/\/georspa.com\/es\/wp-json\/wp\/v2\/product\/5922","targetHints":{"allow":["GET"]}}],"collection":[{"href":"https:\/\/georspa.com\/es\/wp-json\/wp\/v2\/product"}],"about":[{"href":"https:\/\/georspa.com\/es\/wp-json\/wp\/v2\/types\/product"}],"replies":[{"embeddable":true,"href":"https:\/\/georspa.com\/es\/wp-json\/wp\/v2\/comments?post=5922"}],"version-history":[{"count":5,"href":"https:\/\/georspa.com\/es\/wp-json\/wp\/v2\/product\/5922\/revisions"}],"predecessor-version":[{"id":5945,"href":"https:\/\/georspa.com\/es\/wp-json\/wp\/v2\/product\/5922\/revisions\/5945"}],"wp:featuredmedia":[{"embeddable":true,"href":"https:\/\/georspa.com\/es\/wp-json\/wp\/v2\/media\/5961"}],"wp:attachment":[{"href":"https:\/\/georspa.com\/es\/wp-json\/wp\/v2\/media?parent=5922"}],"wp:term":[{"taxonomy":"product_brand","embeddable":true,"href":"https:\/\/georspa.com\/es\/wp-json\/wp\/v2\/product_brand?post=5922"},{"taxonomy":"product_cat","embeddable":true,"href":"https:\/\/georspa.com\/es\/wp-json\/wp\/v2\/product_cat?post=5922"},{"taxonomy":"product_tag","embeddable":true,"href":"https:\/\/georspa.com\/es\/wp-json\/wp\/v2\/product_tag?post=5922"}],"curies":[{"name":"wp","href":"https:\/\/api.w.org\/{rel}","templated":true}]}}