{"id":4059,"date":"2025-12-06T19:03:17","date_gmt":"2025-12-06T19:03:17","guid":{"rendered":"https:\/\/georspa.com\/?post_type=product&#038;p=4059"},"modified":"2026-03-06T20:35:48","modified_gmt":"2026-03-06T20:35:48","slug":"spf-50-facial-sunscreen","status":"publish","type":"product","link":"https:\/\/georspa.com\/es\/producto\/spf-50-facial-sunscreen\/","title":{"rendered":"SPF 50 Facial Sunscreen"},"content":{"rendered":"<h2 data-start=\"139\" data-end=\"188\"><strong data-start=\"142\" data-end=\"188\">\ud83c\udf1e SPF 50 Facial Sunscreen \u2013 Extra Defense<\/strong><\/h2>\n<h3 data-start=\"190\" data-end=\"211\"><strong data-start=\"194\" data-end=\"211\">\u2728 Descripci\u00f3n<\/strong><\/h3>\n<p data-start=\"212\" data-end=\"501\">Nuestro <strong data-start=\"220\" data-end=\"247\">SPF 50 Facial Sunscreen<\/strong> ofrece una protecci\u00f3n avanzada contra los rayos UVA y UVB, ayudando a prevenir el da\u00f1o solar, manchas y envejecimiento prematuro. Su f\u00f3rmula de <strong data-start=\"392\" data-end=\"411\">amplio espectro<\/strong>, ligera y de r\u00e1pida absorci\u00f3n, se adapta a todo tipo de piel sin dejar sensaci\u00f3n grasosa.<\/p>\n<p data-start=\"503\" data-end=\"626\">Con el nivel de protecci\u00f3n m\u00e1s alto permitido por la FDA, es ideal para el uso diario, ya sea solo o debajo del maquillaje.<\/p>\n<hr data-start=\"628\" data-end=\"631\" \/>\n<h2 data-start=\"633\" data-end=\"652\"><strong data-start=\"636\" data-end=\"652\">\u2b50 Beneficios<\/strong><\/h2>\n<ul data-start=\"653\" data-end=\"836\">\n<li data-start=\"653\" data-end=\"696\">\n<p data-start=\"655\" data-end=\"696\"><strong data-start=\"655\" data-end=\"694\">SPF 50 de amplio espectro (UVA\/UVB)<\/strong><\/p>\n<\/li>\n<li data-start=\"697\" data-end=\"732\">\n<p data-start=\"699\" data-end=\"732\"><strong data-start=\"699\" data-end=\"718\">Textura liviana<\/strong>, no grasosa<\/p>\n<\/li>\n<li data-start=\"733\" data-end=\"757\">\n<p data-start=\"735\" data-end=\"757\"><strong data-start=\"735\" data-end=\"755\">R\u00e1pida absorci\u00f3n<\/strong><\/p>\n<\/li>\n<li data-start=\"758\" data-end=\"793\">\n<p data-start=\"760\" data-end=\"793\">Apto para <strong data-start=\"770\" data-end=\"791\">todo tipo de piel<\/strong><\/p>\n<\/li>\n<li data-start=\"794\" data-end=\"810\">\n<p data-start=\"796\" data-end=\"810\"><strong data-start=\"796\" data-end=\"808\">Oil-Free<\/strong><\/p>\n<\/li>\n<li data-start=\"811\" data-end=\"836\">\n<p data-start=\"813\" data-end=\"836\">Ideal para uso diario<\/p>\n<\/li>\n<\/ul>\n<hr data-start=\"838\" data-end=\"841\" \/>\n<h2 data-start=\"843\" data-end=\"872\"><strong data-start=\"846\" data-end=\"872\">\ud83d\udccc Indicaciones de uso<\/strong><\/h2>\n<p data-start=\"873\" data-end=\"992\">Aplicar sobre la piel limpia del rostro, cuello y escote. Reaplicar cada 2\u20133 horas si hay exposici\u00f3n prolongada al sol.<\/p>\n<hr data-start=\"994\" data-end=\"997\" \/>\n<h2 data-start=\"999\" data-end=\"1021\"><strong data-start=\"1002\" data-end=\"1021\">\ud83d\udce6 Presentaci\u00f3n<\/strong><\/h2>\n<p data-start=\"1022\" data-end=\"1098\">Frasco dosificador de uso pr\u00e1ctico, ideal para llevar en la cartera o bolso.<\/p>\n","protected":false},"excerpt":{"rendered":"<p>Protector solar facial SPF 50 de amplio espectro, textura ligera y r\u00e1pida absorci\u00f3n. Defiende la piel de los rayos UVA\/UVB, no es grasoso y es apto para todo tipo de piel. Ideal para uso diario.<\/p>\n","protected":false},"featured_media":4061,"comment_status":"open","ping_status":"closed","template":"elementor_theme","meta":[],"product_brand":[88],"product_cat":[68],"product_tag":[89],"class_list":{"0":"post-4059","1":"product","2":"type-product","3":"status-publish","4":"has-post-thumbnail","6":"product_brand-geor","7":"product_cat-cuidados-de-la-piel","8":"product_tag-geor","9":"product_shipping_class-sin-envio","12":"instock","13":"taxable","14":"shipping-taxable","15":"purchasable","16":"product-type-simple","17":"product-grid-view"},"_links":{"self":[{"href":"https:\/\/georspa.com\/es\/wp-json\/wp\/v2\/product\/4059","targetHints":{"allow":["GET"]}}],"collection":[{"href":"https:\/\/georspa.com\/es\/wp-json\/wp\/v2\/product"}],"about":[{"href":"https:\/\/georspa.com\/es\/wp-json\/wp\/v2\/types\/product"}],"replies":[{"embeddable":true,"href":"https:\/\/georspa.com\/es\/wp-json\/wp\/v2\/comments?post=4059"}],"version-history":[{"count":1,"href":"https:\/\/georspa.com\/es\/wp-json\/wp\/v2\/product\/4059\/revisions"}],"predecessor-version":[{"id":4060,"href":"https:\/\/georspa.com\/es\/wp-json\/wp\/v2\/product\/4059\/revisions\/4060"}],"wp:featuredmedia":[{"embeddable":true,"href":"https:\/\/georspa.com\/es\/wp-json\/wp\/v2\/media\/4061"}],"wp:attachment":[{"href":"https:\/\/georspa.com\/es\/wp-json\/wp\/v2\/media?parent=4059"}],"wp:term":[{"taxonomy":"product_brand","embeddable":true,"href":"https:\/\/georspa.com\/es\/wp-json\/wp\/v2\/product_brand?post=4059"},{"taxonomy":"product_cat","embeddable":true,"href":"https:\/\/georspa.com\/es\/wp-json\/wp\/v2\/product_cat?post=4059"},{"taxonomy":"product_tag","embeddable":true,"href":"https:\/\/georspa.com\/es\/wp-json\/wp\/v2\/product_tag?post=4059"}],"curies":[{"name":"wp","href":"https:\/\/api.w.org\/{rel}","templated":true}]}}