{"id":4442,"date":"2025-12-28T15:40:02","date_gmt":"2025-12-28T15:40:02","guid":{"rendered":"https:\/\/georspa.com\/?page_id=4442"},"modified":"2026-01-24T21:37:41","modified_gmt":"2026-01-24T21:37:41","slug":"terminos","status":"publish","type":"page","link":"https:\/\/georspa.com\/es\/terminos\/","title":{"rendered":"T\u00e9rminos"},"content":{"rendered":"\t\t<div data-elementor-type=\"wp-page\" data-elementor-id=\"4442\" class=\"elementor elementor-4442\" data-elementor-post-type=\"page\">\n\t\t\t\t<div class=\"elementor-element elementor-element-ed5bc80 e-grid e-con-boxed e-con e-parent\" data-id=\"ed5bc80\" data-element_type=\"container\" data-e-type=\"container\">\n\t\t\t\t\t<div class=\"e-con-inner\">\n\t\t<div class=\"elementor-element elementor-element-8552b8d e-con-full e-flex e-con e-child\" data-id=\"8552b8d\" data-element_type=\"container\" data-e-type=\"container\">\n\t\t\t\t<div class=\"elementor-element elementor-element-ff22ef1 elementor-widget elementor-widget-image\" data-id=\"ff22ef1\" data-element_type=\"widget\" data-e-type=\"widget\" data-settings=\"{&quot;wdt_animation_effect&quot;:&quot;none&quot;}\" data-widget_type=\"image.default\">\n\t\t\t\t\t\t\t\t\t\t\t\t\t\t\t<img fetchpriority=\"high\" decoding=\"async\" width=\"1024\" height=\"683\" src=\"https:\/\/georspa.com\/wp-content\/uploads\/2025\/12\/terminos-1024x683.png\" class=\"attachment-large size-large wp-image-4468\" alt=\"\" srcset=\"https:\/\/georspa.com\/wp-content\/uploads\/2025\/12\/terminos-1024x683.png 1024w, https:\/\/georspa.com\/wp-content\/uploads\/2025\/12\/terminos-300x200.png 300w, https:\/\/georspa.com\/wp-content\/uploads\/2025\/12\/terminos-768x512.png 768w, https:\/\/georspa.com\/wp-content\/uploads\/2025\/12\/terminos-1000x667.png 1000w, https:\/\/georspa.com\/wp-content\/uploads\/2025\/12\/terminos.png 1536w\" sizes=\"(max-width: 1024px) 100vw, 1024px\" \/>\t\t\t\t\t\t\t\t\t\t\t\t\t\t\t<\/div>\n\t\t\t\t<\/div>\n\t\t<div class=\"elementor-element elementor-element-f153781 e-con-full e-flex e-con e-child\" data-id=\"f153781\" data-element_type=\"container\" data-e-type=\"container\">\n\t\t\t\t<div class=\"elementor-element elementor-element-37236c9 elementor-widget elementor-widget-heading\" data-id=\"37236c9\" data-element_type=\"widget\" data-e-type=\"widget\" data-settings=\"{&quot;wdt_animation_effect&quot;:&quot;none&quot;}\" data-widget_type=\"heading.default\">\n\t\t\t\t\t<h4 class=\"elementor-heading-title elementor-size-default\">\ud83d\udcc4 T\u00e9rminos y Condiciones<\/h4>\t\t\t\t<\/div>\n\t\t\t\t<div class=\"elementor-element elementor-element-b8fdef1 elementor-widget elementor-widget-text-editor\" data-id=\"b8fdef1\" data-element_type=\"widget\" data-e-type=\"widget\" data-settings=\"{&quot;wdt_animation_effect&quot;:&quot;none&quot;}\" data-widget_type=\"text-editor.default\">\n\t\t\t\t\t\t\t\t\t<p data-start=\"473\" data-end=\"787\">Bienvenido(a) a <strong data-start=\"489\" data-end=\"510\">GEOR Med Spa, LLC<\/strong>. Al acceder y utilizar el sitio web <strong data-start=\"547\" data-end=\"570\"><a class=\"decorated-link\" href=\"https:\/\/georspa.com\" target=\"_new\" rel=\"noopener\" data-start=\"549\" data-end=\"568\">https:\/\/georspa.com<\/a><\/strong>, as\u00ed como al adquirir productos, tratamientos o agendar citas, usted acepta cumplir con los presentes T\u00e9rminos y Condiciones. Si no est\u00e1 de acuerdo con alguno de ellos, le recomendamos no utilizar nuestros servicios.<\/p><hr data-start=\"789\" data-end=\"792\" \/><h6 data-start=\"794\" data-end=\"818\">1. Uso del sitio web<\/h6><p data-start=\"819\" data-end=\"977\">El contenido de este sitio web es \u00fanicamente para fines informativos y comerciales relacionados con los servicios y productos ofrecidos por GEOR Med Spa, LLC.<\/p><p data-start=\"979\" data-end=\"1123\">El uso indebido del sitio, incluyendo intentos de acceso no autorizado, alteraci\u00f3n de contenido o uso fraudulento, est\u00e1 estrictamente prohibido.<\/p><hr data-start=\"1125\" data-end=\"1128\" \/><h6 data-start=\"1130\" data-end=\"1161\">2. Servicios y tratamientos<\/h6><p data-start=\"1162\" data-end=\"1327\">GEOR Med Spa, LLC ofrece servicios est\u00e9ticos, m\u00e9dicos y de bienestar. Los resultados pueden variar seg\u00fan cada paciente y <strong data-start=\"1283\" data-end=\"1326\">no se garantizan resultados espec\u00edficos<\/strong>.<\/p><p data-start=\"1329\" data-end=\"1422\">Algunos tratamientos pueden requerir evaluaci\u00f3n previa y est\u00e1n sujetos a elegibilidad m\u00e9dica.<\/p><hr data-start=\"1424\" data-end=\"1427\" \/><h6 data-start=\"1429\" data-end=\"1477\">3. Compras, pagos y pol\u00edtica de no reembolso<\/h6><p data-start=\"1478\" data-end=\"1574\">Todas las compras realizadas en GEOR Med Spa, LLC est\u00e1n sujetas a disponibilidad y confirmaci\u00f3n.<\/p><p data-start=\"1576\" data-end=\"1813\">GEOR Med Spa, LLC mantiene una <strong data-start=\"1607\" data-end=\"1635\">pol\u00edtica de no reembolso<\/strong>. Una vez realizada la compra de un producto o tratamiento, no se efectuar\u00e1 devoluci\u00f3n del dinero, salvo lo expresamente indicado en pol\u00edticas espec\u00edficas publicadas en el sitio.<\/p><p data-start=\"1815\" data-end=\"1881\">Los pagos se procesan a trav\u00e9s de plataformas de terceros seguras.<\/p><hr data-start=\"1883\" data-end=\"1886\" \/><h6 data-start=\"1888\" data-end=\"1930\">4. Cr\u00e9ditos y vigencia de tratamientos<\/h6><p data-start=\"1931\" data-end=\"2094\">Los montos pagados por tratamientos podr\u00e1n utilizarse como cr\u00e9dito para otros servicios, siempre que no exista <strong data-start=\"2042\" data-end=\"2093\">un per\u00edodo de inactividad superior a un (1) a\u00f1o<\/strong>.<\/p><p data-start=\"2096\" data-end=\"2193\">Los tratamientos caducan autom\u00e1ticamente luego de un a\u00f1o de inactividad, sin derecho a reembolso.<\/p><hr data-start=\"2195\" data-end=\"2198\" \/><h6 data-start=\"2200\" data-end=\"2239\">5. Citas, cancelaciones y dep\u00f3sitos<\/h6><p data-start=\"2240\" data-end=\"2287\">Algunas citas requieren un dep\u00f3sito de reserva.<\/p><ul data-start=\"2289\" data-end=\"2543\"><li data-start=\"2289\" data-end=\"2370\"><p data-start=\"2291\" data-end=\"2370\">Las cancelaciones deben realizarse con al menos <strong data-start=\"2339\" data-end=\"2367\">24 horas de anticipaci\u00f3n<\/strong>.<\/p><\/li><li data-start=\"2371\" data-end=\"2450\"><p data-start=\"2373\" data-end=\"2450\">La no presentaci\u00f3n o llegada tard\u00eda puede implicar la p\u00e9rdida del dep\u00f3sito.<\/p><\/li><li data-start=\"2451\" data-end=\"2543\"><p data-start=\"2453\" data-end=\"2543\">El dep\u00f3sito es v\u00e1lido \u00fanicamente para <strong data-start=\"2491\" data-end=\"2517\">una (1) reprogramaci\u00f3n<\/strong>, sujeta a disponibilidad.<\/p><\/li><\/ul><hr data-start=\"2545\" data-end=\"2548\" \/><h6 data-start=\"2550\" data-end=\"2576\">6. Env\u00edos de productos<\/h6><p data-start=\"2577\" data-end=\"2798\">Los env\u00edos se realizan a trav\u00e9s de transportistas externos. GEOR Med Spa, LLC no se responsabiliza por retrasos, da\u00f1os o p\u00e9rdidas ocasionadas por el transportista, conforme a las pol\u00edticas de env\u00edo publicadas en el sitio.<\/p><p data-start=\"2800\" data-end=\"2886\">Los productos sensibles o refrigerados est\u00e1n sujetos a riesgos propios del transporte.<\/p><hr data-start=\"2888\" data-end=\"2891\" \/><h6 data-start=\"2893\" data-end=\"2921\">7. Propiedad intelectual<\/h6><p data-start=\"2922\" data-end=\"3105\">Todo el contenido del sitio web, incluyendo textos, im\u00e1genes, logotipos, gr\u00e1ficos y dise\u00f1os, es propiedad de GEOR Med Spa, LLC y est\u00e1 protegido por las leyes de propiedad intelectual.<\/p><p data-start=\"3107\" data-end=\"3180\">Queda prohibida su reproducci\u00f3n total o parcial sin autorizaci\u00f3n expresa.<\/p><hr data-start=\"3182\" data-end=\"3185\" \/><h6 data-start=\"3187\" data-end=\"3223\">8. Limitaci\u00f3n de responsabilidad<\/h6><p data-start=\"3224\" data-end=\"3379\">GEOR Med Spa, LLC no ser\u00e1 responsable por da\u00f1os directos o indirectos derivados del uso del sitio web, productos o servicios, salvo cuando la ley lo exija.<\/p><p data-start=\"3381\" data-end=\"3463\">El uso de los servicios se realiza bajo la responsabilidad del cliente o paciente.<\/p><hr data-start=\"3465\" data-end=\"3468\" \/><h6 data-start=\"3470\" data-end=\"3487\">9. Privacidad<\/h6><p data-start=\"3488\" data-end=\"3642\">El uso del sitio est\u00e1 sujeto a nuestra <strong data-start=\"3527\" data-end=\"3553\">Pol\u00edtica de Privacidad<\/strong>, la cual describe c\u00f3mo recopilamos y protegemos la informaci\u00f3n personal de los usuarios.<\/p><hr data-start=\"3644\" data-end=\"3647\" \/><h6 data-start=\"3649\" data-end=\"3671\">10. Modificaciones<\/h6><p data-start=\"3672\" data-end=\"3851\">GEOR Med Spa, LLC se reserva el derecho de modificar estos T\u00e9rminos y Condiciones en cualquier momento. Las modificaciones entrar\u00e1n en vigencia una vez publicadas en el sitio web.<\/p><hr data-start=\"3853\" data-end=\"3856\" \/><h6 data-start=\"3858\" data-end=\"3887\">11. Legislaci\u00f3n aplicable<\/h6><p data-start=\"3888\" data-end=\"4050\">Estos T\u00e9rminos y Condiciones se rigen por las leyes aplicables del lugar donde opera GEOR Med Spa, LLC, sin perjuicio de otras disposiciones legales obligatorias.<\/p><hr data-start=\"4052\" data-end=\"4055\" \/><h6 data-start=\"4057\" data-end=\"4073\">12. Contacto<\/h6><p data-start=\"4074\" data-end=\"4235\">Para cualquier consulta relacionada con estos T\u00e9rminos y Condiciones, puede comunicarse con nosotros a trav\u00e9s de los canales oficiales indicados en el sitio web.<\/p>\t\t\t\t\t\t\t\t<\/div>\n\t\t\t\t<\/div>\n\t\t\t\t\t<\/div>\n\t\t\t\t<\/div>\n\t\t\t\t<\/div>\n\t\t","protected":false},"excerpt":{"rendered":"<p>\ud83d\udcc4 T\u00e9rminos y Condiciones Bienvenido(a) a GEOR Med Spa, LLC. Al acceder y utilizar el sitio web https:\/\/georspa.com, as\u00ed como al adquirir productos, tratamientos o agendar citas, usted acepta cumplir con los presentes T\u00e9rminos y Condiciones. Si no est\u00e1 de acuerdo con alguno de ellos, le recomendamos no utilizar nuestros servicios. 1. Uso del sitio [&hellip;]<\/p>\n","protected":false},"author":1,"featured_media":0,"parent":0,"menu_order":0,"comment_status":"closed","ping_status":"closed","template":"","meta":{"footnotes":""},"class_list":["post-4442","page","type-page","status-publish","hentry"],"_links":{"self":[{"href":"https:\/\/georspa.com\/es\/wp-json\/wp\/v2\/pages\/4442","targetHints":{"allow":["GET"]}}],"collection":[{"href":"https:\/\/georspa.com\/es\/wp-json\/wp\/v2\/pages"}],"about":[{"href":"https:\/\/georspa.com\/es\/wp-json\/wp\/v2\/types\/page"}],"author":[{"embeddable":true,"href":"https:\/\/georspa.com\/es\/wp-json\/wp\/v2\/users\/1"}],"replies":[{"embeddable":true,"href":"https:\/\/georspa.com\/es\/wp-json\/wp\/v2\/comments?post=4442"}],"version-history":[{"count":10,"href":"https:\/\/georspa.com\/es\/wp-json\/wp\/v2\/pages\/4442\/revisions"}],"predecessor-version":[{"id":4472,"href":"https:\/\/georspa.com\/es\/wp-json\/wp\/v2\/pages\/4442\/revisions\/4472"}],"wp:attachment":[{"href":"https:\/\/georspa.com\/es\/wp-json\/wp\/v2\/media?parent=4442"}],"curies":[{"name":"wp","href":"https:\/\/api.w.org\/{rel}","templated":true}]}}