{"id":4413,"date":"2025-12-28T00:09:39","date_gmt":"2025-12-28T00:09:39","guid":{"rendered":"https:\/\/georspa.com\/?page_id=4413"},"modified":"2025-12-28T21:36:48","modified_gmt":"2025-12-28T21:36:48","slug":"politica-de-envios-refrigerados-y-productos-sensibles","status":"publish","type":"page","link":"https:\/\/georspa.com\/es\/politica-de-envios-refrigerados-y-productos-sensibles\/","title":{"rendered":"Pol\u00edtica de env\u00edos refrigerados y productos sensibles"},"content":{"rendered":"\t\t<div data-elementor-type=\"wp-page\" data-elementor-id=\"4413\" class=\"elementor elementor-4413\" data-elementor-post-type=\"page\">\n\t\t\t\t<div class=\"elementor-element elementor-element-6967236 e-grid e-con-boxed e-con e-parent\" data-id=\"6967236\" data-element_type=\"container\" data-e-type=\"container\">\n\t\t\t\t\t<div class=\"e-con-inner\">\n\t\t<div class=\"elementor-element elementor-element-709f8a5 e-con-full e-flex e-con e-child\" data-id=\"709f8a5\" data-element_type=\"container\" data-e-type=\"container\">\n\t\t\t\t<div class=\"elementor-element elementor-element-837ed56 elementor-widget elementor-widget-image\" data-id=\"837ed56\" data-element_type=\"widget\" data-e-type=\"widget\" data-settings=\"{&quot;wdt_animation_effect&quot;:&quot;none&quot;}\" data-widget_type=\"image.default\">\n\t\t\t\t\t\t\t\t\t\t\t\t\t\t\t<img fetchpriority=\"high\" decoding=\"async\" width=\"1024\" height=\"683\" src=\"https:\/\/georspa.com\/wp-content\/uploads\/2025\/12\/UPS2-1024x683.png\" class=\"attachment-large size-large wp-image-4435\" alt=\"\" srcset=\"https:\/\/georspa.com\/wp-content\/uploads\/2025\/12\/UPS2-1024x683.png 1024w, https:\/\/georspa.com\/wp-content\/uploads\/2025\/12\/UPS2-300x200.png 300w, https:\/\/georspa.com\/wp-content\/uploads\/2025\/12\/UPS2-768x512.png 768w, https:\/\/georspa.com\/wp-content\/uploads\/2025\/12\/UPS2-1000x667.png 1000w, https:\/\/georspa.com\/wp-content\/uploads\/2025\/12\/UPS2.png 1536w\" sizes=\"(max-width: 1024px) 100vw, 1024px\" \/>\t\t\t\t\t\t\t\t\t\t\t\t\t\t\t<\/div>\n\t\t\t\t<\/div>\n\t\t<div class=\"elementor-element elementor-element-8bcdaee e-con-full e-flex e-con e-child\" data-id=\"8bcdaee\" data-element_type=\"container\" data-e-type=\"container\">\n\t\t\t\t<div class=\"elementor-element elementor-element-fd403a8 elementor-widget elementor-widget-heading\" data-id=\"fd403a8\" data-element_type=\"widget\" data-e-type=\"widget\" data-settings=\"{&quot;wdt_animation_effect&quot;:&quot;none&quot;}\" data-widget_type=\"heading.default\">\n\t\t\t\t\t<h5 class=\"elementor-heading-title elementor-size-default\">\u2744\ufe0f\ud83d\udce6Pol\u00edtica de Env\u00edos Refrigerados y Productos Sensibles <\/h5>\t\t\t\t<\/div>\n\t\t\t\t<div class=\"elementor-element elementor-element-4d89bbf elementor-widget elementor-widget-text-editor\" data-id=\"4d89bbf\" data-element_type=\"widget\" data-e-type=\"widget\" data-settings=\"{&quot;wdt_animation_effect&quot;:&quot;none&quot;}\" data-widget_type=\"text-editor.default\">\n\t\t\t\t\t\t\t\t\t<p data-start=\"210\" data-end=\"587\">En Geor Med Spa, LLC, algunos productos requieren <strong data-start=\"264\" data-end=\"325\">condiciones especiales de manejo y control de temperatura<\/strong> durante el env\u00edo. Tomamos todas las medidas razonables para su correcta preparaci\u00f3n y embalaje antes de entregarlos al transportista. Sin embargo, una vez el paquete es entregado a la empresa de mensajer\u00eda, el manejo y transporte quedan bajo su responsabilidad.<\/p><hr data-start=\"589\" data-end=\"592\" \/><h6 data-start=\"594\" data-end=\"624\">\u2744\ufe0f 1. Condiciones de env\u00edo<\/h6><ul data-start=\"626\" data-end=\"999\"><li data-start=\"626\" data-end=\"729\"><p data-start=\"628\" data-end=\"729\">Los productos sensibles son enviados con <strong data-start=\"669\" data-end=\"707\">material aislante y\/o refrigerante<\/strong>, seg\u00fan corresponda.<\/p><\/li><li data-start=\"730\" data-end=\"838\"><p data-start=\"732\" data-end=\"838\"><strong data-start=\"732\" data-end=\"800\">El transportista no garantiza el control continuo de temperatura<\/strong> durante todo el trayecto del env\u00edo.<\/p><\/li><li data-start=\"839\" data-end=\"999\"><p data-start=\"841\" data-end=\"999\"><strong data-start=\"859\" data-end=\"949\">Geor Med Spa, LLC no tiene control sobre retrasos, manejo, exposici\u00f3n ambiental o condiciones clim\u00e1ticas<\/strong> una vez el paquete es entregado al transportista.<\/p><\/li><\/ul><hr data-start=\"1001\" data-end=\"1004\" \/><h6 data-start=\"1006\" data-end=\"1058\">\ud83d\udcf8 2. Paquetes da\u00f1ados, abiertos o comprometidos<\/h6><p data-start=\"1060\" data-end=\"1143\">En caso de que el paquete sea recibido en cualquiera de las siguientes condiciones:<\/p><ul data-start=\"1145\" data-end=\"1250\"><li data-start=\"1145\" data-end=\"1155\"><p data-start=\"1147\" data-end=\"1155\">Da\u00f1ado<\/p><\/li><li data-start=\"1156\" data-end=\"1167\"><p data-start=\"1158\" data-end=\"1167\">Abierto<\/p><\/li><li data-start=\"1168\" data-end=\"1197\"><p data-start=\"1170\" data-end=\"1197\">Con evidencia de derrames<\/p><\/li><li data-start=\"1198\" data-end=\"1250\"><p data-start=\"1200\" data-end=\"1250\">Con material t\u00e9rmico o refrigerante comprometido<\/p><\/li><\/ul><p data-start=\"1252\" data-end=\"1376\">El cliente deber\u00e1 <strong data-start=\"1270\" data-end=\"1342\">notificarlo dentro de las primeras 24 horas posteriores a la entrega<\/strong>, enviando la siguiente evidencia:<\/p><ul data-start=\"1378\" data-end=\"1578\"><li data-start=\"1378\" data-end=\"1421\"><p data-start=\"1380\" data-end=\"1421\">Fotograf\u00edas claras del empaque exterior<\/p><\/li><li data-start=\"1422\" data-end=\"1479\"><p data-start=\"1424\" data-end=\"1479\">Fotograf\u00edas del contenido y del material refrigerante<\/p><\/li><li data-start=\"1480\" data-end=\"1518\"><p data-start=\"1482\" data-end=\"1518\">Fotograf\u00eda de la etiqueta de env\u00edo<\/p><\/li><li data-start=\"1519\" data-end=\"1578\"><p data-start=\"1521\" data-end=\"1578\">Video corto mostrando el estado del paquete (recomendado)<\/p><\/li><\/ul><p data-start=\"1580\" data-end=\"1709\">\u26a0\ufe0f <strong data-start=\"1583\" data-end=\"1624\">No desechar el empaque ni el producto<\/strong>, ya que el transportista puede requerirlos para inspecci\u00f3n o validaci\u00f3n del reclamo.<\/p><hr data-start=\"1711\" data-end=\"1714\" \/><h6 data-start=\"1716\" data-end=\"1765\">\ud83d\udcec 3. Proceso de reclamo con el transportista<\/h6><ul data-start=\"1767\" data-end=\"2127\"><li data-start=\"1767\" data-end=\"1920\"><p data-start=\"1769\" data-end=\"1920\">De acuerdo con los t\u00e9rminos y condiciones del transportista, el reclamo formal debe ser presentado por el remitente, es decir, <strong>Geor Med Spa, LLC.<\/strong><\/p><\/li><li data-start=\"1921\" data-end=\"2029\"><p data-start=\"1923\" data-end=\"2029\">Nuestro equipo iniciar\u00e1 el proceso de reclamo una vez se reciba la notificaci\u00f3n y la evidencia completa.<\/p><\/li><li data-start=\"2030\" data-end=\"2127\"><p data-start=\"2032\" data-end=\"2127\">El tiempo de investigaci\u00f3n, evaluaci\u00f3n y decisi\u00f3n <strong data-start=\"2082\" data-end=\"2126\">depende exclusivamente del transportista<\/strong>.<\/p><\/li><\/ul><hr data-start=\"2129\" data-end=\"2132\" \/><h6 data-start=\"2134\" data-end=\"2166\">\ud83d\udcb0 4. Resoluci\u00f3n del reclamo<\/h6><p data-start=\"2168\" data-end=\"2211\">Una vez el transportista emita su decisi\u00f3n:<\/p><ul data-start=\"2213\" data-end=\"2589\"><li data-start=\"2213\" data-end=\"2381\"><p data-start=\"2215\" data-end=\"2296\">\u2714\ufe0f <strong data-start=\"2218\" data-end=\"2247\">Si el reclamo es aprobado<\/strong>, Geor Med Spa, LLC podr\u00e1 ofrecer, seg\u00fan el caso:<\/p><ul data-start=\"2299\" data-end=\"2381\"><li data-start=\"2299\" data-end=\"2325\"><p data-start=\"2301\" data-end=\"2325\">Reemplazo del producto<\/p><\/li><li data-start=\"2328\" data-end=\"2349\"><p data-start=\"2330\" data-end=\"2349\">Cr\u00e9dito en tienda<\/p><\/li><li data-start=\"2352\" data-end=\"2381\"><p data-start=\"2354\" data-end=\"2381\">Reembolso parcial o total<\/p><\/li><\/ul><\/li><li data-start=\"2383\" data-end=\"2589\"><p data-start=\"2385\" data-end=\"2459\">\u274c <strong data-start=\"2387\" data-end=\"2417\">Si el reclamo es rechazado<\/strong>, incluyendo situaciones relacionadas con:<\/p><ul data-start=\"2462\" data-end=\"2589\"><li data-start=\"2462\" data-end=\"2492\"><p data-start=\"2464\" data-end=\"2492\">Variaciones de temperatura<\/p><\/li><li data-start=\"2495\" data-end=\"2519\"><p data-start=\"2497\" data-end=\"2519\">Retrasos en tr\u00e1nsito<\/p><\/li><li data-start=\"2522\" data-end=\"2548\"><p data-start=\"2524\" data-end=\"2548\">Condiciones clim\u00e1ticas<\/p><\/li><li data-start=\"2551\" data-end=\"2589\"><p data-start=\"2553\" data-end=\"2589\">Naturaleza perecedera del producto<\/p><\/li><\/ul><\/li><\/ul><p data-start=\"2591\" data-end=\"2683\">\ud83d\udc49 <strong>Geor Med Spa, LLC\u00a0no ser\u00e1 responsable de realizar reembolsos, reemplazos ni cr\u00e9ditos<\/strong>.<\/p><hr data-start=\"2685\" data-end=\"2688\" \/><h6 data-start=\"2690\" data-end=\"2748\">\ud83d\udeab 5. Exclusiones espec\u00edficas para productos sensibles<\/h6><p data-start=\"2750\" data-end=\"2782\">No se aceptar\u00e1n reclamos cuando:<\/p><ul data-start=\"2784\" data-end=\"3127\"><li data-start=\"2784\" data-end=\"2841\"><p data-start=\"2786\" data-end=\"2841\">El da\u00f1o no sea reportado dentro del plazo establecido<\/p><\/li><li data-start=\"2842\" data-end=\"2894\"><p data-start=\"2844\" data-end=\"2894\">El producto haya sido usado, abierto o desechado<\/p><\/li><li data-start=\"2895\" data-end=\"2933\"><p data-start=\"2897\" data-end=\"2933\">No se conserve el empaque original<\/p><\/li><li data-start=\"2934\" data-end=\"3029\"><p data-start=\"2936\" data-end=\"3029\">El da\u00f1o est\u00e9 relacionado con variaciones de temperatura fuera del control del transportista<\/p><\/li><li data-start=\"3030\" data-end=\"3127\"><p data-start=\"3032\" data-end=\"3127\">El retraso sea causado por el transportista, condiciones clim\u00e1ticas o eventos de fuerza mayor<\/p><\/li><\/ul><hr data-start=\"3129\" data-end=\"3132\" \/><h6 data-start=\"3134\" data-end=\"3169\">\ud83d\udcdd 6. Aceptaci\u00f3n de la pol\u00edtica<\/h6><p data-start=\"3171\" data-end=\"3518\">Al realizar una compra de productos sensibles o refrigerados y seleccionar el env\u00edo mediante un servicio de mensajer\u00eda, el cliente <strong data-start=\"3302\" data-end=\"3339\">acepta expresamente esta pol\u00edtica<\/strong>, comprende los riesgos asociados al transporte de este tipo de productos y reconoce que cualquier reclamo ser\u00e1 gestionado conforme a los t\u00e9rminos y condiciones del transportista.<\/p>\t\t\t\t\t\t\t\t<\/div>\n\t\t\t\t<\/div>\n\t\t\t\t\t<\/div>\n\t\t\t\t<\/div>\n\t\t\t\t<\/div>\n\t\t","protected":false},"excerpt":{"rendered":"<p>\u2744\ufe0f\ud83d\udce6Pol\u00edtica de Env\u00edos Refrigerados y Productos Sensibles En Geor Med Spa, LLC, algunos productos requieren condiciones especiales de manejo y control de temperatura durante el env\u00edo. Tomamos todas las medidas razonables para su correcta preparaci\u00f3n y embalaje antes de entregarlos al transportista. Sin embargo, una vez el paquete es entregado a la empresa de mensajer\u00eda, [&hellip;]<\/p>\n","protected":false},"author":1,"featured_media":0,"parent":0,"menu_order":0,"comment_status":"closed","ping_status":"closed","template":"","meta":{"footnotes":""},"class_list":["post-4413","page","type-page","status-publish","hentry"],"_links":{"self":[{"href":"https:\/\/georspa.com\/es\/wp-json\/wp\/v2\/pages\/4413","targetHints":{"allow":["GET"]}}],"collection":[{"href":"https:\/\/georspa.com\/es\/wp-json\/wp\/v2\/pages"}],"about":[{"href":"https:\/\/georspa.com\/es\/wp-json\/wp\/v2\/types\/page"}],"author":[{"embeddable":true,"href":"https:\/\/georspa.com\/es\/wp-json\/wp\/v2\/users\/1"}],"replies":[{"embeddable":true,"href":"https:\/\/georspa.com\/es\/wp-json\/wp\/v2\/comments?post=4413"}],"version-history":[{"count":14,"href":"https:\/\/georspa.com\/es\/wp-json\/wp\/v2\/pages\/4413\/revisions"}],"predecessor-version":[{"id":4514,"href":"https:\/\/georspa.com\/es\/wp-json\/wp\/v2\/pages\/4413\/revisions\/4514"}],"wp:attachment":[{"href":"https:\/\/georspa.com\/es\/wp-json\/wp\/v2\/media?parent=4413"}],"curies":[{"name":"wp","href":"https:\/\/api.w.org\/{rel}","templated":true}]}}