{"id":4322,"date":"2025-12-27T19:43:34","date_gmt":"2025-12-27T19:43:34","guid":{"rendered":"https:\/\/georspa.com\/?page_id=4322"},"modified":"2025-12-28T20:27:14","modified_gmt":"2025-12-28T20:27:14","slug":"garantias-y-devoluciones","status":"publish","type":"page","link":"https:\/\/georspa.com\/es\/garantias-y-devoluciones\/","title":{"rendered":"Garant\u00edas y devoluciones"},"content":{"rendered":"\t\t<div data-elementor-type=\"wp-page\" data-elementor-id=\"4322\" class=\"elementor elementor-4322\" data-elementor-post-type=\"page\">\n\t\t\t\t<div class=\"elementor-element elementor-element-f5d26c7 e-grid e-con-boxed e-con e-parent\" data-id=\"f5d26c7\" data-element_type=\"container\" data-e-type=\"container\">\n\t\t\t\t\t<div class=\"e-con-inner\">\n\t\t<div class=\"elementor-element elementor-element-ad80163 e-con-full e-flex e-con e-child\" data-id=\"ad80163\" data-element_type=\"container\" data-e-type=\"container\">\n\t\t\t\t<div class=\"elementor-element elementor-element-02182dd elementor-widget elementor-widget-image\" data-id=\"02182dd\" data-element_type=\"widget\" data-e-type=\"widget\" data-settings=\"{&quot;wdt_animation_effect&quot;:&quot;none&quot;}\" data-widget_type=\"image.default\">\n\t\t\t\t\t\t\t\t\t\t\t\t\t\t\t<img fetchpriority=\"high\" decoding=\"async\" width=\"1024\" height=\"1024\" src=\"https:\/\/georspa.com\/wp-content\/uploads\/2025\/12\/2.jpeg\" class=\"attachment-large size-large wp-image-4375\" alt=\"\" srcset=\"https:\/\/georspa.com\/wp-content\/uploads\/2025\/12\/2.jpeg 1024w, https:\/\/georspa.com\/wp-content\/uploads\/2025\/12\/2-300x300.jpeg 300w, https:\/\/georspa.com\/wp-content\/uploads\/2025\/12\/2-150x150.jpeg 150w, https:\/\/georspa.com\/wp-content\/uploads\/2025\/12\/2-768x768.jpeg 768w, https:\/\/georspa.com\/wp-content\/uploads\/2025\/12\/2-1000x1000.jpeg 1000w, https:\/\/georspa.com\/wp-content\/uploads\/2025\/12\/2-100x100.jpeg 100w\" sizes=\"(max-width: 1024px) 100vw, 1024px\" \/>\t\t\t\t\t\t\t\t\t\t\t\t\t\t\t<\/div>\n\t\t\t\t<\/div>\n\t\t<div class=\"elementor-element elementor-element-6dcbdd5 e-con-full e-flex e-con e-child\" data-id=\"6dcbdd5\" data-element_type=\"container\" data-e-type=\"container\">\n\t\t\t\t<div class=\"elementor-element elementor-element-a8dcc89 elementor-widget elementor-widget-heading\" data-id=\"a8dcc89\" data-element_type=\"widget\" data-e-type=\"widget\" data-settings=\"{&quot;wdt_animation_effect&quot;:&quot;none&quot;}\" data-widget_type=\"heading.default\">\n\t\t\t\t\t<h4 class=\"elementor-heading-title elementor-size-default\">\ud83d\udd01 Pol\u00edtica de Garant\u00eda, Devoluciones y Cancelaciones<\/h4>\t\t\t\t<\/div>\n\t\t\t\t<div class=\"elementor-element elementor-element-c14c77c elementor-widget elementor-widget-text-editor\" data-id=\"c14c77c\" data-element_type=\"widget\" data-e-type=\"widget\" data-settings=\"{&quot;wdt_animation_effect&quot;:&quot;none&quot;}\" data-widget_type=\"text-editor.default\">\n\t\t\t\t\t\t\t\t\t<h5 data-start=\"599\" data-end=\"628\">\ud83d\udcb3 Pol\u00edtica de Reembolsos<\/h5><p data-start=\"629\" data-end=\"812\">Geor Med Spa, LLC mantiene una <strong data-start=\"655\" data-end=\"683\">pol\u00edtica de no reembolso<\/strong>. Una vez realizada la compra de un producto o tratamiento, <strong data-start=\"743\" data-end=\"784\">no se efectuar\u00e1 devoluci\u00f3n del dinero<\/strong> bajo ninguna circunstancia.<\/p><p data-start=\"814\" data-end=\"1055\">El monto invertido en un tratamiento podr\u00e1 utilizarse como <strong data-start=\"873\" data-end=\"884\">cr\u00e9dito<\/strong> para otros servicios o tr\u00e1mites dentro de Geor Med Spa, LLC, <strong data-start=\"941\" data-end=\"1010\">siempre que no haya transcurrido m\u00e1s de un (1) a\u00f1o de inactividad<\/strong> desde la \u00faltima utilizaci\u00f3n del tratamiento.<\/p><hr data-start=\"1057\" data-end=\"1060\" \/><h5 data-start=\"1062\" data-end=\"1094\">\ud83d\udce6 Devoluciones de Productos<\/h5><p data-start=\"1095\" data-end=\"1172\">No se aceptan devoluciones de productos, <strong data-start=\"1136\" data-end=\"1171\">excepto en los siguientes casos<\/strong>:<\/p><ul data-start=\"1174\" data-end=\"1307\"><li data-start=\"1174\" data-end=\"1241\"><p data-start=\"1176\" data-end=\"1241\">El producto se encuentre <strong data-start=\"1201\" data-end=\"1226\">completamente sellado<\/strong> y sin uso, o<\/p><\/li><li data-start=\"1242\" data-end=\"1307\"><p data-start=\"1244\" data-end=\"1307\">El producto haya <strong data-start=\"1261\" data-end=\"1273\">caducado<\/strong> despu\u00e9s de haber sido adquirido<\/p><\/li><\/ul><p data-start=\"1309\" data-end=\"1385\">Fuera de estas condiciones, <strong data-start=\"1337\" data-end=\"1384\">no se realizar\u00e1n devoluciones ni reembolsos<\/strong>.<\/p><hr data-start=\"1387\" data-end=\"1390\" \/><h5 data-start=\"1392\" data-end=\"1422\">\u23f3 Vigencia de Tratamientos<\/h5><p data-start=\"1423\" data-end=\"1558\">Todo tratamiento o procedimiento adquirido tendr\u00e1 una <strong data-start=\"1477\" data-end=\"1510\">vigencia m\u00e1xima de un (1) a\u00f1o<\/strong> contado desde la fecha de la \u00faltima cita o uso.<\/p><p data-start=\"1560\" data-end=\"1707\">En caso de existir <strong data-start=\"1579\" data-end=\"1604\">un a\u00f1o de inactividad<\/strong>, el tratamiento <strong data-start=\"1621\" data-end=\"1649\">caducar\u00e1 autom\u00e1ticamente<\/strong>, perdiendo su valor y sin derecho a reembolso ni cr\u00e9dito.<\/p><hr data-start=\"1709\" data-end=\"1712\" \/><h5 data-start=\"1714\" data-end=\"1764\">\ud83d\udcc5 Pol\u00edtica de Cancelaci\u00f3n y Dep\u00f3sito de Citas<\/h5><p data-start=\"1765\" data-end=\"1960\">Entendemos que pueden surgir emergencias u obligaciones laborales o familiares. Sin embargo, cuando una cita no se cancela con anticipaci\u00f3n, se limita la posibilidad de atender a otros pacientes.<\/p><ul data-start=\"1962\" data-end=\"2242\"><li data-start=\"1962\" data-end=\"2035\"><p data-start=\"1964\" data-end=\"2035\">Las citas deben cancelarse con <strong data-start=\"1995\" data-end=\"2032\">al menos 24 horas de anticipaci\u00f3n<\/strong>.<\/p><\/li><li data-start=\"2036\" data-end=\"2146\"><p data-start=\"2038\" data-end=\"2146\">Si una cita <strong data-start=\"2050\" data-end=\"2095\">no es cancelada dentro del plazo indicado<\/strong>, el paciente <strong data-start=\"2109\" data-end=\"2143\">perder\u00e1 el dep\u00f3sito de reserva<\/strong>.<\/p><\/li><li data-start=\"2147\" data-end=\"2242\"><p data-start=\"2149\" data-end=\"2242\">El dep\u00f3sito de reserva ser\u00e1 v\u00e1lido \u00fanicamente para <strong data-start=\"2200\" data-end=\"2241\">una (1) reprogramaci\u00f3n segura de cita<\/strong>.<\/p><\/li><\/ul><hr data-start=\"2244\" data-end=\"2247\" \/><h5 data-start=\"2249\" data-end=\"2289\">\u23f0 Llegadas Tard\u00edas y No Presentaci\u00f3n<\/h5><p data-start=\"2290\" data-end=\"2417\">Si el paciente llega tarde o <strong data-start=\"2319\" data-end=\"2337\">no se presenta<\/strong> a su cita programada, <strong data-start=\"2360\" data-end=\"2394\">perder\u00e1 el dep\u00f3sito de reserva<\/strong> previamente realizado.<\/p><p data-start=\"2419\" data-end=\"2584\">El paciente podr\u00e1 comunicarse para solicitar una nueva cita, <strong data-start=\"2480\" data-end=\"2519\">sujeta a disponibilidad de horarios<\/strong>, incluso el mismo d\u00eda, siempre que existan espacios disponibles.<\/p><hr data-start=\"2586\" data-end=\"2589\" \/><h5 data-start=\"2591\" data-end=\"2624\">\u2714\ufe0f Aceptaci\u00f3n de los T\u00e9rminos<\/h5><p data-start=\"2625\" data-end=\"2785\">Al adquirir un producto, tratamiento o agendar una cita en Geor Med Spa, LLC, el paciente <strong data-start=\"2710\" data-end=\"2755\">declara haber le\u00eddo, entendido y aceptado<\/strong> las pol\u00edticas aqu\u00ed descritas.<\/p>\t\t\t\t\t\t\t\t<\/div>\n\t\t\t\t<\/div>\n\t\t\t\t\t<\/div>\n\t\t\t\t<\/div>\n\t\t\t\t<\/div>\n\t\t","protected":false},"excerpt":{"rendered":"<p>\ud83d\udd01 Pol\u00edtica de Garant\u00eda, Devoluciones y Cancelaciones \ud83d\udcb3 Pol\u00edtica de Reembolsos Geor Med Spa, LLC mantiene una pol\u00edtica de no reembolso. Una vez realizada la compra de un producto o tratamiento, no se efectuar\u00e1 devoluci\u00f3n del dinero bajo ninguna circunstancia. El monto invertido en un tratamiento podr\u00e1 utilizarse como cr\u00e9dito para otros servicios o tr\u00e1mites [&hellip;]<\/p>\n","protected":false},"author":1,"featured_media":0,"parent":0,"menu_order":0,"comment_status":"closed","ping_status":"closed","template":"","meta":{"footnotes":""},"class_list":["post-4322","page","type-page","status-publish","hentry"],"_links":{"self":[{"href":"https:\/\/georspa.com\/es\/wp-json\/wp\/v2\/pages\/4322","targetHints":{"allow":["GET"]}}],"collection":[{"href":"https:\/\/georspa.com\/es\/wp-json\/wp\/v2\/pages"}],"about":[{"href":"https:\/\/georspa.com\/es\/wp-json\/wp\/v2\/types\/page"}],"author":[{"embeddable":true,"href":"https:\/\/georspa.com\/es\/wp-json\/wp\/v2\/users\/1"}],"replies":[{"embeddable":true,"href":"https:\/\/georspa.com\/es\/wp-json\/wp\/v2\/comments?post=4322"}],"version-history":[{"count":19,"href":"https:\/\/georspa.com\/es\/wp-json\/wp\/v2\/pages\/4322\/revisions"}],"predecessor-version":[{"id":4497,"href":"https:\/\/georspa.com\/es\/wp-json\/wp\/v2\/pages\/4322\/revisions\/4497"}],"wp:attachment":[{"href":"https:\/\/georspa.com\/es\/wp-json\/wp\/v2\/media?parent=4322"}],"curies":[{"name":"wp","href":"https:\/\/api.w.org\/{rel}","templated":true}]}}