{"id":4311,"date":"2025-12-27T15:21:55","date_gmt":"2025-12-27T15:21:55","guid":{"rendered":"https:\/\/georspa.com\/?page_id=4311"},"modified":"2025-12-28T20:23:40","modified_gmt":"2025-12-28T20:23:40","slug":"politica-de-envio","status":"publish","type":"page","link":"https:\/\/georspa.com\/es\/politica-de-envio\/","title":{"rendered":"Pol\u00edtica de env\u00edo"},"content":{"rendered":"\t\t<div data-elementor-type=\"wp-page\" data-elementor-id=\"4311\" class=\"elementor elementor-4311\" data-elementor-post-type=\"page\">\n\t\t\t\t<div class=\"elementor-element elementor-element-02d65c5 e-grid e-con-boxed e-con e-parent\" data-id=\"02d65c5\" data-element_type=\"container\" data-e-type=\"container\">\n\t\t\t\t\t<div class=\"e-con-inner\">\n\t\t<div class=\"elementor-element elementor-element-3fde274 e-con-full e-flex e-con e-child\" data-id=\"3fde274\" data-element_type=\"container\" data-e-type=\"container\">\n\t\t\t\t<div class=\"elementor-element elementor-element-0b0fb54 elementor-widget elementor-widget-image\" data-id=\"0b0fb54\" data-element_type=\"widget\" data-e-type=\"widget\" data-settings=\"{&quot;wdt_animation_effect&quot;:&quot;none&quot;}\" data-widget_type=\"image.default\">\n\t\t\t\t\t\t\t\t\t\t\t\t\t\t\t<img fetchpriority=\"high\" decoding=\"async\" width=\"1024\" height=\"683\" src=\"https:\/\/georspa.com\/wp-content\/uploads\/2025\/12\/1-1024x683.jpeg\" class=\"attachment-large size-large wp-image-4373\" alt=\"\" srcset=\"https:\/\/georspa.com\/wp-content\/uploads\/2025\/12\/1-1024x683.jpeg 1024w, https:\/\/georspa.com\/wp-content\/uploads\/2025\/12\/1-300x200.jpeg 300w, https:\/\/georspa.com\/wp-content\/uploads\/2025\/12\/1-768x512.jpeg 768w, https:\/\/georspa.com\/wp-content\/uploads\/2025\/12\/1-1000x667.jpeg 1000w, https:\/\/georspa.com\/wp-content\/uploads\/2025\/12\/1.jpeg 1536w\" sizes=\"(max-width: 1024px) 100vw, 1024px\" \/>\t\t\t\t\t\t\t\t\t\t\t\t\t\t\t<\/div>\n\t\t\t\t<\/div>\n\t\t<div class=\"elementor-element elementor-element-864e3cf e-con-full e-flex e-con e-child\" data-id=\"864e3cf\" data-element_type=\"container\" data-e-type=\"container\">\n\t\t\t\t<div class=\"elementor-element elementor-element-9fe0c1d elementor-widget elementor-widget-heading\" data-id=\"9fe0c1d\" data-element_type=\"widget\" data-e-type=\"widget\" data-settings=\"{&quot;wdt_animation_effect&quot;:&quot;none&quot;}\" data-widget_type=\"heading.default\">\n\t\t\t\t\t<h5 class=\"elementor-heading-title elementor-size-default\">\ud83d\udce6IMPORTANTE SI REQUIERE DE SERVICIO DE ENV\u00cdO.\n<\/h5>\t\t\t\t<\/div>\n\t\t\t\t<div class=\"elementor-element elementor-element-eae71dd elementor-widget elementor-widget-text-editor\" data-id=\"eae71dd\" data-element_type=\"widget\" data-e-type=\"widget\" data-settings=\"{&quot;wdt_animation_effect&quot;:&quot;none&quot;}\" data-widget_type=\"text-editor.default\">\n\t\t\t\t\t\t\t\t\t<p data-start=\"545\" data-end=\"729\">En caso de que el paciente solicite el env\u00edo de su medicamento o producto mediante correo o servicio de mensajer\u00eda, deber\u00e1 proporcionar <strong data-start=\"681\" data-end=\"716\">informaci\u00f3n completa y correcta<\/strong>, incluyendo:<\/p><ul data-start=\"731\" data-end=\"880\"><li data-start=\"731\" data-end=\"763\"><p data-start=\"733\" data-end=\"763\">Nombre completo del paciente<\/p><\/li><li data-start=\"764\" data-end=\"820\"><p data-start=\"766\" data-end=\"820\">Direcci\u00f3n exacta (calle, n\u00famero, apartamento o casa)<\/p><\/li><li data-start=\"821\" data-end=\"855\"><p data-start=\"823\" data-end=\"855\">Ciudad, estado y c\u00f3digo postal<\/p><\/li><li data-start=\"856\" data-end=\"880\"><p data-start=\"858\" data-end=\"880\">Tel\u00e9fono de contacto<\/p><\/li><\/ul><h4 data-start=\"882\" data-end=\"922\">Responsabilidad sobre la informaci\u00f3n<\/h4><p data-start=\"923\" data-end=\"1026\"><strong data-start=\"936\" data-end=\"962\">Geor Med Spa, LLC no se hace responsable<\/strong> por retrasos, extrav\u00edos o p\u00e9rdidas de paquetes ocasionados por:<\/p><ul data-start=\"1028\" data-end=\"1187\"><li data-start=\"1028\" data-end=\"1069\"><p data-start=\"1030\" data-end=\"1069\">Direcciones incompletas o incorrectas<\/p><\/li><li data-start=\"1070\" data-end=\"1128\"><p data-start=\"1072\" data-end=\"1128\">Errores en la informaci\u00f3n suministrada por el paciente<\/p><\/li><li data-start=\"1129\" data-end=\"1187\"><p data-start=\"1131\" data-end=\"1187\">Imposibilidad de entrega por ausencia del destinatario<\/p><\/li><\/ul><p data-start=\"1189\" data-end=\"1303\">Es responsabilidad del paciente verificar que los datos proporcionados sean correctos antes de confirmar el env\u00edo.<\/p><p data-start=\"1189\" data-end=\"1303\">Si se requiere un cambio de direcci\u00f3n, por mala informaci\u00f3n suministrada por el cliente, los costos adicionales cobrados por la compa\u00f1\u00eda de env\u00edo no ser\u00e1n cubiertos por Geor Med Spa LLC y deber\u00e1n ser pagados por el cliente, en caso de que el error sea por nuestra parte, los asumir\u00e1 Geor Med Spa, LLC.<\/p><h4 data-start=\"1305\" data-end=\"1341\">Tiempos y servicio de mensajer\u00eda<\/h4><p data-start=\"1342\" data-end=\"1573\">Los tiempos de entrega pueden variar seg\u00fan la empresa de mensajer\u00eda utilizada y la ubicaci\u00f3n del destinatario. Una vez el pedido es entregado al servicio de mensajer\u00eda, Geor Med Spa, LLC no tiene control sobre los tiempos de transporte.<\/p>\t\t\t\t\t\t\t\t<\/div>\n\t\t\t\t<\/div>\n\t\t\t\t\t<\/div>\n\t\t\t\t<\/div>\n\t\t\t\t<\/div>\n\t\t","protected":false},"excerpt":{"rendered":"<p>\ud83d\udce6IMPORTANTE SI REQUIERE DE SERVICIO DE ENV\u00cdO. En caso de que el paciente solicite el env\u00edo de su medicamento o producto mediante correo o servicio de mensajer\u00eda, deber\u00e1 proporcionar informaci\u00f3n completa y correcta, incluyendo: Nombre completo del paciente Direcci\u00f3n exacta (calle, n\u00famero, apartamento o casa) Ciudad, estado y c\u00f3digo postal Tel\u00e9fono de contacto Responsabilidad sobre [&hellip;]<\/p>\n","protected":false},"author":1,"featured_media":0,"parent":0,"menu_order":0,"comment_status":"closed","ping_status":"closed","template":"","meta":{"footnotes":""},"class_list":["post-4311","page","type-page","status-publish","hentry"],"_links":{"self":[{"href":"https:\/\/georspa.com\/es\/wp-json\/wp\/v2\/pages\/4311","targetHints":{"allow":["GET"]}}],"collection":[{"href":"https:\/\/georspa.com\/es\/wp-json\/wp\/v2\/pages"}],"about":[{"href":"https:\/\/georspa.com\/es\/wp-json\/wp\/v2\/types\/page"}],"author":[{"embeddable":true,"href":"https:\/\/georspa.com\/es\/wp-json\/wp\/v2\/users\/1"}],"replies":[{"embeddable":true,"href":"https:\/\/georspa.com\/es\/wp-json\/wp\/v2\/comments?post=4311"}],"version-history":[{"count":29,"href":"https:\/\/georspa.com\/es\/wp-json\/wp\/v2\/pages\/4311\/revisions"}],"predecessor-version":[{"id":4493,"href":"https:\/\/georspa.com\/es\/wp-json\/wp\/v2\/pages\/4311\/revisions\/4493"}],"wp:attachment":[{"href":"https:\/\/georspa.com\/es\/wp-json\/wp\/v2\/media?parent=4311"}],"curies":[{"name":"wp","href":"https:\/\/api.w.org\/{rel}","templated":true}]}}